{"id":121,"date":"2025-11-05T16:36:47","date_gmt":"2025-11-05T15:36:47","guid":{"rendered":"https:\/\/allervoirailleurssijysuis.fr\/index.php\/mentions-legales\/"},"modified":"2025-11-05T16:36:47","modified_gmt":"2025-11-05T15:36:47","slug":"mentions-legales","status":"publish","type":"page","link":"https:\/\/allervoirailleurssijysuis.fr\/index.php\/mentions-legales\/","title":{"rendered":"Mentions L\u00e9gales"},"content":{"rendered":"<!DOCTYPE html>\r\n<html lang=\"fr\">\r\n\r\n<head>\r\n  <meta charset=\"UTF-8\">\r\n  <meta name=\"viewport\" content=\"width=device-width, initial-scale=1.0\">\r\n  <title>Mentions L\u00e9gales<\/title>\r\n  <meta name=\"robots\" content=\"noindex, nofollow\">\r\n<\/head>\r\n\r\n<body>\r\n  <div id=\"ez-toc-container\" class=\"ez-toc-v2_0_76 counter-hierarchy ez-toc-counter ez-toc-grey ez-toc-container-direction\">\n<div class=\"ez-toc-title-container\">\n<p class=\"ez-toc-title\" style=\"cursor:inherit\">Table of Contents<\/p>\n<span class=\"ez-toc-title-toggle\"><a href=\"#\" class=\"ez-toc-pull-right ez-toc-btn ez-toc-btn-xs ez-toc-btn-default ez-toc-toggle\" aria-label=\"Toggle Table of Content\"><span class=\"ez-toc-js-icon-con\"><span class=\"\"><span class=\"eztoc-hide\" style=\"display:none;\">Toggle<\/span><span class=\"ez-toc-icon-toggle-span\"><svg style=\"fill: #999;color:#999\" xmlns=\"http:\/\/www.w3.org\/2000\/svg\" class=\"list-377408\" width=\"20px\" height=\"20px\" viewBox=\"0 0 24 24\" fill=\"none\"><path d=\"M6 6H4v2h2V6zm14 0H8v2h12V6zM4 11h2v2H4v-2zm16 0H8v2h12v-2zM4 16h2v2H4v-2zm16 0H8v2h12v-2z\" fill=\"currentColor\"><\/path><\/svg><svg style=\"fill: #999;color:#999\" class=\"arrow-unsorted-368013\" xmlns=\"http:\/\/www.w3.org\/2000\/svg\" width=\"10px\" height=\"10px\" viewBox=\"0 0 24 24\" version=\"1.2\" baseProfile=\"tiny\"><path d=\"M18.2 9.3l-6.2-6.3-6.2 6.3c-.2.2-.3.4-.3.7s.1.5.3.7c.2.2.4.3.7.3h11c.3 0 .5-.1.7-.3.2-.2.3-.5.3-.7s-.1-.5-.3-.7zM5.8 14.7l6.2 6.3 6.2-6.3c.2-.2.3-.5.3-.7s-.1-.5-.3-.7c-.2-.2-.4-.3-.7-.3h-11c-.3 0-.5.1-.7.3-.2.2-.3.5-.3.7s.1.5.3.7z\"\/><\/svg><\/span><\/span><\/span><\/a><\/span><\/div>\n<nav><ul class='ez-toc-list ez-toc-list-level-1 ' ><li class='ez-toc-page-1 ez-toc-heading-level-2'><a class=\"ez-toc-link ez-toc-heading-1\" href=\"https:\/\/allervoirailleurssijysuis.fr\/index.php\/mentions-legales\/#Mentions_legales\" >Mentions l\u00e9gales<\/a><\/li><li class='ez-toc-page-1 ez-toc-heading-level-2'><a class=\"ez-toc-link ez-toc-heading-2\" href=\"https:\/\/allervoirailleurssijysuis.fr\/index.php\/mentions-legales\/#Contact\" >Contact<\/a><\/li><li class='ez-toc-page-1 ez-toc-heading-level-2'><a class=\"ez-toc-link ez-toc-heading-3\" href=\"https:\/\/allervoirailleurssijysuis.fr\/index.php\/mentions-legales\/#Conditions_generales_dutilisation\" >Conditions g\u00e9n\u00e9rales d\u2019utilisation<\/a><ul class='ez-toc-list-level-3' ><li class='ez-toc-heading-level-3'><a class=\"ez-toc-link ez-toc-heading-4\" href=\"https:\/\/allervoirailleurssijysuis.fr\/index.php\/mentions-legales\/#1_Description_des_services_fournis\" >1. Description des services fournis<\/a><\/li><li class='ez-toc-page-1 ez-toc-heading-level-3'><a class=\"ez-toc-link ez-toc-heading-5\" href=\"https:\/\/allervoirailleurssijysuis.fr\/index.php\/mentions-legales\/#2_Propriete_intellectuelle_et_contrefacons\" >2. Propri\u00e9t\u00e9 intellectuelle et contrefa\u00e7ons<\/a><\/li><li class='ez-toc-page-1 ez-toc-heading-level-3'><a class=\"ez-toc-link ez-toc-heading-6\" href=\"https:\/\/allervoirailleurssijysuis.fr\/index.php\/mentions-legales\/#3_Limitations_de_responsabilite\" >3. Limitations de responsabilit\u00e9<\/a><\/li><li class='ez-toc-page-1 ez-toc-heading-level-3'><a class=\"ez-toc-link ez-toc-heading-7\" href=\"https:\/\/allervoirailleurssijysuis.fr\/index.php\/mentions-legales\/#4_Protection_des_donnees_personnelles\" >4. Protection des donn\u00e9es personnelles<\/a><\/li><li class='ez-toc-page-1 ez-toc-heading-level-3'><a class=\"ez-toc-link ez-toc-heading-8\" href=\"https:\/\/allervoirailleurssijysuis.fr\/index.php\/mentions-legales\/#5_Cookies\" >5. Cookies<\/a><ul class='ez-toc-list-level-4' ><li class='ez-toc-heading-level-4'><a class=\"ez-toc-link ez-toc-heading-9\" href=\"https:\/\/allervoirailleurssijysuis.fr\/index.php\/mentions-legales\/#51_Types_de_cookies\" >5.1 Types de cookies<\/a><\/li><li class='ez-toc-page-1 ez-toc-heading-level-4'><a class=\"ez-toc-link ez-toc-heading-10\" href=\"https:\/\/allervoirailleurssijysuis.fr\/index.php\/mentions-legales\/#52_Choix_concernant_les_cookies\" >5.2 Choix concernant les cookies<\/a><\/li><li class='ez-toc-page-1 ez-toc-heading-level-4'><a class=\"ez-toc-link ez-toc-heading-11\" href=\"https:\/\/allervoirailleurssijysuis.fr\/index.php\/mentions-legales\/#53_Gestion_des_cookies_et_parametres_du_navigateur\" >5.3 Gestion des cookies et param\u00e8tres du navigateur<\/a><\/li><li class='ez-toc-page-1 ez-toc-heading-level-4'><a class=\"ez-toc-link ez-toc-heading-12\" href=\"https:\/\/allervoirailleurssijysuis.fr\/index.php\/mentions-legales\/#54_Respect_de_la_vie_privee_de_lutilisateur\" >5.4 Respect de la vie priv\u00e9e de l\u2019utilisateur<\/a><\/li><\/ul><\/li><li class='ez-toc-page-1 ez-toc-heading-level-3'><a class=\"ez-toc-link ez-toc-heading-13\" href=\"https:\/\/allervoirailleurssijysuis.fr\/index.php\/mentions-legales\/#6_Litiges_et_droit_applicable\" >6. Litiges et droit applicable<\/a><\/li><\/ul><\/li><\/ul><\/nav><\/div>\n<h2><span class=\"ez-toc-section\" id=\"Mentions_legales\"><\/span>Mentions l\u00e9gales<span class=\"ez-toc-section-end\"><\/span><\/h2>\r\n  <p><strong>\u00c9diteur du site :<\/strong><br>\r\n    SAS IPROTEGO, au capital de 1.000.000\u20ac, immatricul\u00e9e au Registre du Commerce et des Soci\u00e9t\u00e9s de Marseille sous le\r\n    num\u00e9ro 518 552 088, dont le si\u00e8ge social se situe sis 13 rue trigance \u2014 13002 Marseille.<br>\r\n    N\u00b0 TVA FR55518552088<br>\r\n    <strong>Directeur de la publication :<\/strong><br>\r\n    Monsieur Ludovic Broyer<br>\r\n    <strong>H\u00e9bergeur :<\/strong><br>\r\n    RAISON SOCIALE HEBERGEUR : HOSTINGER INTERNATIONAL LTD<br>\r\n    ADRESSE :61 Lordou Vironos Street, 6023 Larnaca<br>\r\n    PAYS :Chypre<br>\r\n    CONTACT : https:\/\/www.hostinger.fr\/contact.<br>\r\n  <\/p>\r\n\r\n  <h2><span class=\"ez-toc-section\" id=\"Contact\"><\/span>Contact<span class=\"ez-toc-section-end\"><\/span><\/h2>\r\n  <p>Email : contact@iprotego.com<br>\r\n    T\u00e9l. : 04 85 80 04 68, du lundi au vendredi, de 9 h 30 \u00e0 17 h 30<br>\r\n  <\/p>\r\n\r\n  <h2><span class=\"ez-toc-section\" id=\"Conditions_generales_dutilisation\"><\/span>Conditions g\u00e9n\u00e9rales d\u2019utilisation<span class=\"ez-toc-section-end\"><\/span><\/h2>\r\n  <p>Les pr\u00e9sentes Conditions G\u00e9n\u00e9rales ont pour objet de d\u00e9finir les modalit\u00e9s de mise \u00e0 disposition des services du\r\n    site [url du site] (ci-apr\u00e8s \u00ab le site \u00bb). L\u2019acc\u00e8s ou l\u2019utilisation du site implique l\u2019acceptation pleine et enti\u00e8re\r\n    des conditions g\u00e9n\u00e9rales d\u2019utilisation ci-apr\u00e8s d\u00e9crites. Dans le cas o\u00f9 l\u2019Utilisateur ne souhaite pas accepter tout\r\n    ou partie des pr\u00e9sentes conditions g\u00e9n\u00e9rales, il lui est demand\u00e9 de renoncer \u00e0 tout usage du site. Le site est mis \u00e0\r\n    jour r\u00e9guli\u00e8rement par l\u2019\u00e9diteur. De la m\u00eame fa\u00e7on, les mentions l\u00e9gales peuvent \u00eatre modifi\u00e9es \u00e0 tout moment :\r\n    elles s\u2019imposent n\u00e9anmoins \u00e0 l\u2019utilisateur qui est invit\u00e9 \u00e0 s\u2019y r\u00e9f\u00e9rer le plus souvent possible afin d\u2019en prendre\r\n    connaissance.\r\n  <\/p>\r\n\r\n  <h3><span class=\"ez-toc-section\" id=\"1_Description_des_services_fournis\"><\/span>1. Description des services fournis<span class=\"ez-toc-section-end\"><\/span><\/h3>\r\n  <p>Le site a pour objet de fournir une information non exhaustive concernant [objet du site]. L\u2019\u00e9diteur s\u2019efforce de\r\n    fournir sur le site des informations aussi pr\u00e9cises que possible. Toutefois, il ne pourra \u00eatre tenu responsable des\r\n    omissions, des inexactitudes et des carences dans la mise \u00e0 jour, qu\u2019elles soient de son fait ou du fait des tiers\r\n    partenaires qui lui fournissent ces informations. Toutes les informations indiqu\u00e9es sur le site sont donn\u00e9es \u00e0 titre\r\n    indicatif, et sont susceptibles d\u2019\u00e9voluer. Par ailleurs, les renseignements figurant sur le site ne sont pas\r\n    exhaustifs. Ils sont donn\u00e9s sous r\u00e9serve de modifications ayant \u00e9t\u00e9 apport\u00e9es depuis leur mise en ligne.\r\n  <\/p>\r\n\r\n  <h3><span class=\"ez-toc-section\" id=\"2_Propriete_intellectuelle_et_contrefacons\"><\/span>2. Propri\u00e9t\u00e9 intellectuelle et contrefa\u00e7ons<span class=\"ez-toc-section-end\"><\/span><\/h3>\r\n  <p>L\u2019\u00e9diteur est propri\u00e9taire des droits de propri\u00e9t\u00e9 intellectuelle ou d\u00e9tient les droits d\u2019usage sur tous les\r\n    \u00e9l\u00e9ments accessibles sur le site, notamment les textes, images, graphismes, logos, ic\u00f4nes, sons, logiciels. Toute\r\n    reproduction, repr\u00e9sentation, modification, publication, adaptation de tout ou partie des \u00e9l\u00e9ments du site, quel que\r\n    soit le moyen ou le proc\u00e9d\u00e9 utilis\u00e9, est interdite, sauf autorisation \u00e9crite pr\u00e9alable de l\u2019\u00e9diteur. Toute\r\n    exploitation non autoris\u00e9e du site ou de l\u2019un des \u00e9l\u00e9ments qu\u2019il contient sera consid\u00e9r\u00e9e comme constitutive d\u2019une\r\n    contrefa\u00e7on et poursuivie conform\u00e9ment aux dispositions des articles L.335-2 et suivants du Code de Propri\u00e9t\u00e9\r\n    Intellectuelle.\r\n  <\/p>\r\n\r\n  <h3><span class=\"ez-toc-section\" id=\"3_Limitations_de_responsabilite\"><\/span>3. Limitations de responsabilit\u00e9<span class=\"ez-toc-section-end\"><\/span><\/h3>\r\n  <p>Lorsqu\u2019il est permis aux Utilisateurs de d\u00e9poser du contenu sur ce site, l\u2019\u00e9diteur se r\u00e9serve le droit de\r\n    supprimer, sans mise en demeure pr\u00e9alable, tout contenu d\u00e9pos\u00e9 qui contreviendrait \u00e0 la l\u00e9gislation applicable en\r\n    France, en particulier aux dispositions relatives \u00e0 la protection des donn\u00e9es. Le cas \u00e9ch\u00e9ant, l\u2019association se\r\n    r\u00e9serve \u00e9galement la possibilit\u00e9 de mettre en cause la responsabilit\u00e9 civile ou p\u00e9nale de l\u2019utilisateur, notamment\r\n    en cas de message \u00e0 caract\u00e8re raciste, injurieux, diffamant, ou pornographique, quel que soit le support utilis\u00e9\r\n    (texte, photographie\u2026).\r\n  <\/p>\r\n\r\n  <h3><span class=\"ez-toc-section\" id=\"4_Protection_des_donnees_personnelles\"><\/span>4. Protection des donn\u00e9es personnelles<span class=\"ez-toc-section-end\"><\/span><\/h3>\r\n  <p>Dans le cadre de ses engagements de conformit\u00e9 \u00e0 la r\u00e9glementation applicable en mati\u00e8re de donn\u00e9es \u00e0 caract\u00e8re\r\n    personnel (R\u00e8glement UE 2016\/679 du 27 avril 2016 relatif \u00e0 la protection des personnes physiques \u00e0 l\u2019\u00e9gard du\r\n    traitement des donn\u00e9es \u00e0 caract\u00e8re personnel et Loi n\u00b0 78-17 du 6 janvier 1978 modifi\u00e9e relative \u00e0 l\u2019informatique,\r\n    aux fichiers et aux libert\u00e9s), l\u2019\u00e9diteur informe l\u2019utilisateur que ses donn\u00e9es sont trait\u00e9es exclusivement aux fins\r\n    de fournir les services propos\u00e9s sur le site. La finalit\u00e9 de cette collecte est la prestation elle-m\u00eame afin de\r\n    r\u00e9pondre \u00e0 la demande de l\u2019utilisateur. En application de la loi n\u00b0 78-017 du 6 janvier 1978 relative \u00e0\r\n    l\u2019informatique, aux fichiers et aux libert\u00e9s, l\u2019utilisateur du site [url du site] est inform\u00e9 que ses r\u00e9ponses au\r\n    formulaire de contact sont n\u00e9cessaires au traitement de sa demande par les \u00e9quipes de l\u2019\u00e9diteur. Nous conservons\r\n    ainsi ces donn\u00e9es collect\u00e9es pendant toute la dur\u00e9e de traitement de la demande de l\u2019utilisateur, puis pendant la\r\n    dur\u00e9e l\u00e9gale de conservation de ces donn\u00e9es. Pendant cette p\u00e9riode, nous mettons en place tous les moyens aptes \u00e0\r\n    assurer la confidentialit\u00e9 et la s\u00e9curit\u00e9 des donn\u00e9es personnelles des utilisateurs, de mani\u00e8re \u00e0 emp\u00eacher leur\r\n    acc\u00e8s par des tiers non autoris\u00e9s. \u00c0 l\u2019issue de cette p\u00e9riode, les donn\u00e9es de l\u2019utilisateur seront effac\u00e9es de notre\r\n    base de donn\u00e9es. Les utilisateurs disposent d\u2019un droit d\u2019acc\u00e8s, de rectification, de limitation, d\u2019opposition, de\r\n    retrait et de portabilit\u00e9 de leurs donn\u00e9es. Ils peuvent l\u2019exercer en \u00e9crivant \u00e0 l\u2019adresse : IPROTEGO, 13 rue\r\n    Trigance, 13002 Marseille, ou bien par courriel \u00e0 l\u2019adresse contact@iprotego.com. Les informations collect\u00e9es dans\r\n    le cadre de l\u2019utilisation du site ne feront l\u2019objet d\u2019aucun transfert hors Union Europ\u00e9enne et sont uniquement\r\n    destin\u00e9es \u00e0 l\u2019\u00e9diteur. Les informations collect\u00e9es ne seront en aucun cas publi\u00e9es \u00e0 l\u2019insu de l\u2019utilisateur,\r\n    communiqu\u00e9es, vendues, partag\u00e9es, pr\u00eat\u00e9es ou lou\u00e9es sur un support quelconque \u00e0 des tiers. En cas de d\u00e9saccord sur\r\n    le traitement de leurs donn\u00e9es ou l\u2019exercice de leurs droits, les utilisateurs peuvent introduire une r\u00e9clamation\r\n    sur le site web de la CNIL ou par courrier postal en \u00e9crivant \u00e0 : CNIL, Service des Plaintes \u2014 3 place de Fontenoy \u2014\r\n    TSA 80715 \u2013 75334 PARIS CEDEX 07.\r\n  <\/p>\r\n\r\n  <h3><span class=\"ez-toc-section\" id=\"5_Cookies\"><\/span>5. Cookies<span class=\"ez-toc-section-end\"><\/span><\/h3>\r\n  <p>Les cookies sont des fichiers textes d\u00e9pos\u00e9s sur votre appareil (ordinateur, mobile, tablette) lors de la\r\n    consultation d\u2019un site internet. Ils enregistrent des informations relatives \u00e0 votre navigation sur ce site. Les\r\n    cookies ne peuvent \u00eatre consult\u00e9s ou modifi\u00e9s que par leur \u00e9metteur. Lors de la consultation du site, des\r\n    informations sont susceptibles d\u2019\u00eatre stock\u00e9es sur l\u2019ordinateur de l\u2019utilisateur sous forme de \u00ab local storage \u00bb.\r\n    Similaire \u00e0 un cookie, ce syst\u00e8me ne trace pas les actions utilisateurs et n\u2019est pas conserv\u00e9 lors de la fermeture\r\n    de session.\r\n  <\/p>\r\n\r\n  <h4><span class=\"ez-toc-section\" id=\"51_Types_de_cookies\"><\/span>5.1 Types de cookies<span class=\"ez-toc-section-end\"><\/span><\/h4>\r\n  <p>Diff\u00e9rents types de Cookies peuvent \u00eatre enregistr\u00e9s dans le terminal de l\u2019utilisateur lorsqu\u2019il acc\u00e8de au site.\r\n    Ces cookies r\u00e9pondent aux finalit\u00e9s d\u00e9crites ci-dessous :<\/p>\r\n  <ul>\r\n    <li>Cookies techniques dits \u00ab fonctionnel \u00bb pour rendre possible votre navigation sur le Site, et permettre \u00e0\r\n      l\u2019utilisateur d\u2019acc\u00e9der aux diff\u00e9rentes rubriques du Site. Les Cookies techniques comprennent les cookies\r\n      strictement n\u00e9cessaires et indispensables \u00e0 la navigation sur le site. Ces cookies ont une dur\u00e9e de vie tr\u00e8s\r\n      courte. Pour les cookies strictement n\u00e9cessaires, le temps de la session, et pour les cookies de fonctionnalit\u00e9 le\r\n      temps de la session, quelques heures et au maximum, d\u2019une semaine.<\/li>\r\n    <li>Les Cookies de mesure d\u2019audience dits \u00ab statistiques \u00bb : Outre l\u2019analyse de fr\u00e9quentation, ils permettent, le\r\n      cas \u00e9ch\u00e9ant, de d\u00e9tecter des probl\u00e8mes de navigation et par cons\u00e9quent d\u2019am\u00e9liorer l\u2019ergonomie de nos services.\r\n      Les services d\u2019analyses de fr\u00e9quentation utilis\u00e9s par ce Site ne fournissent que des statistiques et des volumes\r\n      de fr\u00e9quentation, \u00e0 l\u2019exclusion de toute information individuelle. Ils ne permettent pas de suivre votre\r\n      navigation sur d\u2019autres sites. La dur\u00e9e de vie de ces Cookies de mesure d\u2019audience n\u2019exc\u00e8de pas 13 mois.<\/li>\r\n    <li>Les Cookies publicitaires dits \u00ab marketing \u00bb : Les cookies publicitaires sont n\u00e9cessaires afin de proposer des\r\n      publicit\u00e9s cibl\u00e9es \u00e0 l\u2019Utilisateur du site. Ils suivent la progression de l\u2019Utilisateur sur un ou plusieurs sites\r\n      web ayant des finalit\u00e9s marketing similaires. La dur\u00e9e de vie de ces Cookies publicitaires n\u2019exc\u00e8de pas 13 mois.\r\n    <\/li>\r\n  <\/ul>\r\n\r\n  <h4><span class=\"ez-toc-section\" id=\"52_Choix_concernant_les_cookies\"><\/span>5.2 Choix concernant les cookies<span class=\"ez-toc-section-end\"><\/span><\/h4>\r\n  <p>En utilisant le site, l\u2019utilisateur consent \u00e0 l\u2019utilisation des Cookies pr\u00e9cit\u00e9s. L\u2019Utilisateur reconnait et\r\n    accepte que s\u2019il interdit ou limite le d\u00e9p\u00f4t de cookies sur son terminal, cette interdiction ou restriction peut\r\n    avoir un effet d\u00e9favorable sur son utilisation du site. L\u2019Utilisateur peut g\u00e9rer ses choix en mati\u00e8re de cookies par\r\n    l\u2019interm\u00e9diaire des param\u00e8tres de son navigateur ou de son terminal. Le navigateur peut \u00eatre param\u00e9tr\u00e9 pour signaler\r\n    les Cookies qui sont d\u00e9pos\u00e9s dans le terminal de l\u2019utilisateur et lui demander de les accepter ou pas, au cas par\r\n    cas ou bien les refuser syst\u00e9matiquement une fois pour toutes.\r\n  <\/p>\r\n\r\n  <h4><span class=\"ez-toc-section\" id=\"53_Gestion_des_cookies_et_parametres_du_navigateur\"><\/span>5.3 Gestion des cookies et param\u00e8tres du navigateur<span class=\"ez-toc-section-end\"><\/span><\/h4>\r\n  <p>La rubrique Aide des navigateurs internet indique comment refuser les nouveaux cookies, obtenir un message de\r\n    notification vous signalant leur r\u00e9ception ou les d\u00e9sactiver. Afin de faciliter la d\u00e9marche de l\u2019utilisateur, voici\r\n    les liens vers les rubriques Aide des navigateurs les plus couramment utilis\u00e9s :\r\n  <\/p>\r\n  <ul>\r\n    <li><a href=\"http:\/\/windows.microsoft.com\/fr-FR\/windows-vista\/Block-or-allow-cookies\" target=\"_blank\">Internet\r\n        Explorer\u2122<\/a><\/li>\r\n    <li><a href=\"http:\/\/support.apple.com\/kb\/PH5042\" target=\"_blank\">Safari\u2122<\/a><\/li>\r\n    <li><a href=\"http:\/\/support.google.com\/chrome\/bin\/answer.py?hl=fr&hlrm=en&answer=95647\" target=\"_blank\">Chrome\u2122<\/a>\r\n    <\/li>\r\n    <li><a href=\"http:\/\/support.mozilla.org\/fr\/kb\/Activer%20et%20d%C3%A9sactiver%20les%20cookies\"\r\n        target=\"_blank\">Firefox\u2122<\/a><\/li>\r\n    <li><a href=\"http:\/\/help.opera.com\/Windows\/10.20\/fr\/cookies.html\" target=\"_blank\">Opera\u2122<\/a><\/li>\r\n  <\/ul>\r\n  <p>Pour plus d\u2019informations sur la fa\u00e7on dont fonctionnent les cookies et la publicit\u00e9 cibl\u00e9e, vous pouvez consulter\r\n    les sites <a href=\"http:\/\/www.youronlinechoices.eu\" target=\"_blank\">www.youronlinechoices.eu<\/a> et <a\r\n      href=\"http:\/\/www.allaboutcookies.org\" target=\"_blank\">www.allaboutcookies.org<\/a>.\r\n  <\/p>\r\n\r\n  <h4><span class=\"ez-toc-section\" id=\"54_Respect_de_la_vie_privee_de_lutilisateur\"><\/span>5.4 Respect de la vie priv\u00e9e de l\u2019utilisateur<span class=\"ez-toc-section-end\"><\/span><\/h4>\r\n  <p>L\u2019\u00e9diteur s\u2019engage en faveur de la protection de la vie priv\u00e9e de chacun. L\u2019\u00e9diteur n\u2019associe aux cookies aucune\r\n    information permettant d\u2019identifier personnellement les Utilisateurs. Aucune information personnelle n\u2019est fournie\r\n    aux annonceurs ou \u00e0 des sites tiers. En revanche, si le terminal de l\u2019utilisateur est utilis\u00e9 par plusieurs\r\n    personnes, ou s\u2019il dispose de plusieurs logiciels de navigation, il est possible que les contenus affich\u00e9s aux\r\n    autres Utilisateurs correspondent aux pr\u00e9f\u00e9rences de l\u2019utilisateur principal.\r\n  <\/p>\r\n\r\n  <h3><span class=\"ez-toc-section\" id=\"6_Litiges_et_droit_applicable\"><\/span>6. Litiges et droit applicable<span class=\"ez-toc-section-end\"><\/span><\/h3>\r\n  <p>Les pr\u00e9sentes CGU sont soumises \u00e0 la loi fran\u00e7aise. \u00c0 d\u00e9faut d\u2019accord amiable, l\u2019Utilisateur pourra saisir le\r\n    Tribunal pour tout litige relatif aux pr\u00e9sentes CGU ou \u00e0 l\u2019utilisation du Site. Le Tribunal comp\u00e9tent sera celui du\r\n    domicile du d\u00e9fendeur.\r\n  <\/p>\r\n<\/body>\r\n\r\n<\/html>\n","protected":false},"excerpt":{"rendered":"","protected":false},"author":1,"featured_media":0,"parent":0,"menu_order":0,"comment_status":"closed","ping_status":"closed","template":"","meta":{"footnotes":""},"class_list":["post-121","page","type-page","status-publish","hentry","entry"],"_links":{"self":[{"href":"https:\/\/allervoirailleurssijysuis.fr\/index.php\/wp-json\/wp\/v2\/pages\/121","targetHints":{"allow":["GET"]}}],"collection":[{"href":"https:\/\/allervoirailleurssijysuis.fr\/index.php\/wp-json\/wp\/v2\/pages"}],"about":[{"href":"https:\/\/allervoirailleurssijysuis.fr\/index.php\/wp-json\/wp\/v2\/types\/page"}],"author":[{"embeddable":true,"href":"https:\/\/allervoirailleurssijysuis.fr\/index.php\/wp-json\/wp\/v2\/users\/1"}],"replies":[{"embeddable":true,"href":"https:\/\/allervoirailleurssijysuis.fr\/index.php\/wp-json\/wp\/v2\/comments?post=121"}],"version-history":[{"count":0,"href":"https:\/\/allervoirailleurssijysuis.fr\/index.php\/wp-json\/wp\/v2\/pages\/121\/revisions"}],"wp:attachment":[{"href":"https:\/\/allervoirailleurssijysuis.fr\/index.php\/wp-json\/wp\/v2\/media?parent=121"}],"curies":[{"name":"wp","href":"https:\/\/api.w.org\/{rel}","templated":true}]}}